{"id":1331,"date":"2022-04-13T13:26:48","date_gmt":"2022-04-13T13:26:48","guid":{"rendered":"https:\/\/validthemes.net\/themeforest\/wp\/cleanu\/?page_id=1331"},"modified":"2024-08-03T17:19:09","modified_gmt":"2024-08-03T17:19:09","slug":"iletisim","status":"publish","type":"page","link":"https:\/\/bursamiractemizlik.com.tr\/index.php\/iletisim\/","title":{"rendered":"\u0130leti\u015fim"},"content":{"rendered":"\t\t<div data-elementor-type=\"wp-page\" data-elementor-id=\"1331\" class=\"elementor elementor-1331\">\n\t\t\t\t\t\t<section class=\"elementor-section elementor-top-section elementor-element elementor-element-1b751fc elementor-section-full_width elementor-section-stretched elementor-section-height-default elementor-section-height-default\" data-id=\"1b751fc\" data-element_type=\"section\" data-e-type=\"section\" data-settings=\"{&quot;stretch_section&quot;:&quot;section-stretched&quot;}\">\n\t\t\t\t\t\t<div class=\"elementor-container elementor-column-gap-no\">\n\t\t\t\t\t<div class=\"elementor-column elementor-col-100 elementor-top-column elementor-element elementor-element-d191928\" data-id=\"d191928\" data-element_type=\"column\" data-e-type=\"column\">\n\t\t\t<div class=\"elementor-widget-wrap elementor-element-populated\">\n\t\t\t\t\t\t<div class=\"elementor-element elementor-element-b70f404 elementor-widget elementor-widget-contact\" data-id=\"b70f404\" data-element_type=\"widget\" data-e-type=\"widget\" data-widget_type=\"contact.default\">\n\t\t\t\t<div class=\"elementor-widget-container\">\n\t\t\t\t\t    <!-- Start Contact Area \r\n    ============================================= -->\r\n    <div id=\"contact\" class=\"contact-area default-padding\">\r\n        <div class=\"container\">\r\n            <div class=\"contact-content\">\r\n                <div class=\"row\">\r\n                    <div class=\"col-lg-4 info\">\r\n                        <div class=\"content text-light text-center\">\r\n                        \t                            <div class=\"thumb\">\r\n                                <img decoding=\"async\" src=\"https:\/\/validthemes.net\/themeforest\/wp\/cleanu\/wp-content\/uploads\/2022\/04\/4-1.png\" alt=\"\u260e\ufe0f (0552) 411 09 94  \u260e\ufe0f Aray\u0131n\">\r\n                            <\/div>\r\n                                                        <ul>\r\n                            \t                                <li>\r\n                                    \t\t                            \t\t                            \t                                    <i class=\"fal fa-map-marker-alt\"><\/i>\r\n\t                                                                    <h5>Merkez - BURSA<\/h5>                                <\/li>\r\n                                                                <li>\r\n                                    \t\t                            \t\t                            \t                                    <i class=\"fal fa-phone-alt\"><\/i>\r\n\t                                                                    <h5><a href=\"tel:05524110994 \">GSM: (0552) 411 09 94 <\/a><\/h5>                                <\/li>\r\n                                 \r\n                            <\/ul>\r\n                        <\/div>\r\n                    <\/div>\r\n                    <div class=\"col-lg-8 contact-form-box\">\r\n                        <div class=\"form-box\">\r\n                            <h2>Bizi Aray\u0131n<\/h2>\r\n                            <p>Bursa Geneli Merkez T\u00fcm \u0130l\u00e7elerde Temizlik Hizmeti Veriyoruz. Detayl\u0131 bilgi almak i\u00e7in do\u011frudan bizi arayabilirsiniz.<\/p>                            \n<div class=\"wpcf7 no-js\" id=\"wpcf7-f6-o1\" lang=\"en-US\" dir=\"ltr\" data-wpcf7-id=\"6\">\n<div class=\"screen-reader-response\"><p role=\"status\" aria-live=\"polite\" aria-atomic=\"true\"><\/p> <ul><\/ul><\/div>\n<form action=\"\/index.php\/wp-json\/wp\/v2\/pages\/1331#wpcf7-f6-o1\" method=\"post\" class=\"wpcf7-form init\" aria-label=\"Contact form\" novalidate=\"novalidate\" data-status=\"init\">\n<fieldset class=\"hidden-fields-container\"><input type=\"hidden\" name=\"_wpcf7\" value=\"6\" \/><input type=\"hidden\" name=\"_wpcf7_version\" value=\"6.1.5\" \/><input type=\"hidden\" name=\"_wpcf7_locale\" value=\"en_US\" \/><input type=\"hidden\" name=\"_wpcf7_unit_tag\" value=\"wpcf7-f6-o1\" \/><input type=\"hidden\" name=\"_wpcf7_container_post\" value=\"0\" \/><input type=\"hidden\" name=\"_wpcf7_posted_data_hash\" value=\"\" \/>\n<\/fieldset>\n<div class=\"row\">\n    <div class=\"col-lg-12\">\n        <div class=\"form-group\">\n            <span class=\"wpcf7-form-control-wrap\" data-name=\"text-86\"><input size=\"40\" maxlength=\"400\" class=\"wpcf7-form-control wpcf7-text wpcf7-validates-as-required form-control\" id=\"name\" aria-required=\"true\" aria-invalid=\"false\" placeholder=\"Ad\u0131n\u0131z\" value=\"\" type=\"text\" name=\"text-86\" \/><\/span>\n        <\/div>\n<\/div>\n<\/div>\n    <\/div>\n<div class=\"row\">\n    <div class=\"col-lg-6\">\n        <div class=\"form-group\">\n            <span class=\"wpcf7-form-control-wrap\" data-name=\"tel-136\"><input size=\"40\" maxlength=\"400\" class=\"wpcf7-form-control wpcf7-tel wpcf7-text wpcf7-validates-as-tel form-control\" id=\"phone\" aria-invalid=\"false\" placeholder=\"Telefon Numaran\u0131z\" value=\"\" type=\"tel\" name=\"tel-136\" \/><\/span>\n        <\/div>\n    <\/div>\n<\/div>\n<div class=\"row\">\n    <div class=\"col-lg-12\">\n        <div class=\"form-group comments\">\n            <span class=\"wpcf7-form-control-wrap\" data-name=\"textarea-102\"><textarea cols=\"40\" rows=\"10\" maxlength=\"2000\" class=\"wpcf7-form-control wpcf7-textarea wpcf7-validates-as-required form-control\" id=\"comments\" aria-required=\"true\" aria-invalid=\"false\" placeholder=\"Mesaj\u0131n\u0131z\u0131 Yaz\u0131n\u0131z*\" name=\"textarea-102\"><\/textarea><\/span>\n        <\/div>\n    <\/div>\n<\/div>\n<div class=\"row\">\n    <div class=\"col-lg-12\">\n        <button type=\"submit\" name=\"submit\" id=\"submit\">Mesaj\u0131 G\u00f6nder <i class=\"fa fa-paper-plane\"><\/i><\/button>\n    <\/div>\n<\/div><div class=\"wpcf7-response-output\" aria-hidden=\"true\"><\/div>\n<\/form>\n<\/div>\n                        <\/div>\r\n                    <\/div>\r\n                <\/div>\r\n            <\/div>\r\n        <\/div>\r\n    <\/div>\r\n    <!-- End Contact Area -->\r\n    \t\t\t\t<\/div>\n\t\t\t\t<\/div>\n\t\t\t\t\t<\/div>\n\t\t<\/div>\n\t\t\t\t\t<\/div>\n\t\t<\/section>\n\t\t\t\t<\/div>\n\t\t","protected":false},"excerpt":{"rendered":"<p>Merkez &#8211; BURSA GSM: (0552) 411 09 94 Bizi Aray\u0131n Bursa Geneli Merkez T\u00fcm \u0130l\u00e7elerde Temizlik Hizmeti Veriyoruz. Detayl\u0131 bilgi almak i\u00e7in do\u011frudan bizi arayabilirsiniz. Mesaj\u0131 G\u00f6nder<\/p>\n","protected":false},"author":1,"featured_media":0,"parent":0,"menu_order":0,"comment_status":"closed","ping_status":"closed","template":"page-template\/cleanu-templates.php","meta":{"_monsterinsights_skip_tracking":false,"_monsterinsights_sitenote_active":false,"_monsterinsights_sitenote_note":"","_monsterinsights_sitenote_category":0,"footnotes":""},"class_list":["post-1331","page","type-page","status-publish","hentry"],"aioseo_notices":[],"_links":{"self":[{"href":"https:\/\/bursamiractemizlik.com.tr\/index.php\/wp-json\/wp\/v2\/pages\/1331","targetHints":{"allow":["GET"]}}],"collection":[{"href":"https:\/\/bursamiractemizlik.com.tr\/index.php\/wp-json\/wp\/v2\/pages"}],"about":[{"href":"https:\/\/bursamiractemizlik.com.tr\/index.php\/wp-json\/wp\/v2\/types\/page"}],"author":[{"embeddable":true,"href":"https:\/\/bursamiractemizlik.com.tr\/index.php\/wp-json\/wp\/v2\/users\/1"}],"replies":[{"embeddable":true,"href":"https:\/\/bursamiractemizlik.com.tr\/index.php\/wp-json\/wp\/v2\/comments?post=1331"}],"version-history":[{"count":8,"href":"https:\/\/bursamiractemizlik.com.tr\/index.php\/wp-json\/wp\/v2\/pages\/1331\/revisions"}],"predecessor-version":[{"id":3494,"href":"https:\/\/bursamiractemizlik.com.tr\/index.php\/wp-json\/wp\/v2\/pages\/1331\/revisions\/3494"}],"wp:attachment":[{"href":"https:\/\/bursamiractemizlik.com.tr\/index.php\/wp-json\/wp\/v2\/media?parent=1331"}],"curies":[{"name":"wp","href":"https:\/\/api.w.org\/{rel}","templated":true}]}}