{"id":3325,"date":"2022-03-16T12:11:05","date_gmt":"2022-03-16T12:11:05","guid":{"rendered":"https:\/\/validthemes.net\/themeforest\/wp\/cleanu\/?page_id=7"},"modified":"2026-03-16T13:13:45","modified_gmt":"2026-03-16T13:13:45","slug":"bursa-temizlik-sirketi","status":"publish","type":"page","link":"https:\/\/bursamiractemizlik.com.tr\/","title":{"rendered":"Bursa Temizlik \u015eirketi"},"content":{"rendered":"\t\t<div data-elementor-type=\"wp-page\" data-elementor-id=\"3325\" class=\"elementor elementor-3325\">\n\t\t\t\t\t\t<section class=\"elementor-section elementor-top-section elementor-element elementor-element-ffe6c90 elementor-section-full_width elementor-section-stretched elementor-section-height-default elementor-section-height-default\" data-id=\"ffe6c90\" data-element_type=\"section\" data-e-type=\"section\" data-settings=\"{&quot;stretch_section&quot;:&quot;section-stretched&quot;}\">\n\t\t\t\t\t\t<div class=\"elementor-container elementor-column-gap-no\">\n\t\t\t\t\t<div class=\"elementor-column elementor-col-100 elementor-top-column elementor-element elementor-element-880fe96\" data-id=\"880fe96\" data-element_type=\"column\" data-e-type=\"column\">\n\t\t\t<div class=\"elementor-widget-wrap\">\n\t\t\t\t\t\t\t<\/div>\n\t\t<\/div>\n\t\t\t\t\t<\/div>\n\t\t<\/section>\n\t\t\t\t<section class=\"elementor-section elementor-top-section elementor-element elementor-element-e5b9e3f elementor-section-full_width elementor-section-stretched elementor-section-height-default elementor-section-height-default\" data-id=\"e5b9e3f\" data-element_type=\"section\" data-e-type=\"section\" data-settings=\"{&quot;stretch_section&quot;:&quot;section-stretched&quot;,&quot;background_background&quot;:&quot;classic&quot;}\">\n\t\t\t\t\t\t\t<div class=\"elementor-background-overlay\"><\/div>\n\t\t\t\t\t\t\t<div class=\"elementor-container elementor-column-gap-no\">\n\t\t\t\t\t<div class=\"elementor-column elementor-col-100 elementor-top-column elementor-element elementor-element-e594e6b\" data-id=\"e594e6b\" data-element_type=\"column\" data-e-type=\"column\" data-settings=\"{&quot;background_background&quot;:&quot;classic&quot;}\">\n\t\t\t<div class=\"elementor-widget-wrap elementor-element-populated\">\n\t\t\t\t\t\t<section class=\"elementor-section elementor-inner-section elementor-element elementor-element-32321ea elementor-section-content-middle elementor-section-boxed elementor-section-height-default elementor-section-height-default\" data-id=\"32321ea\" data-element_type=\"section\" data-e-type=\"section\">\n\t\t\t\t\t\t<div class=\"elementor-container elementor-column-gap-no\">\n\t\t\t\t\t<div class=\"elementor-column elementor-col-50 elementor-inner-column elementor-element elementor-element-85fcb95\" data-id=\"85fcb95\" data-element_type=\"column\" data-e-type=\"column\" data-settings=\"{&quot;background_background&quot;:&quot;classic&quot;}\">\n\t\t\t<div class=\"elementor-widget-wrap\">\n\t\t\t\t\t\t\t<\/div>\n\t\t<\/div>\n\t\t\t\t<div class=\"elementor-column elementor-col-50 elementor-inner-column elementor-element elementor-element-de1370d\" data-id=\"de1370d\" data-element_type=\"column\" data-e-type=\"column\" data-settings=\"{&quot;background_background&quot;:&quot;classic&quot;}\">\n\t\t\t<div class=\"elementor-widget-wrap\">\n\t\t\t\t\t\t\t<\/div>\n\t\t<\/div>\n\t\t\t\t\t<\/div>\n\t\t<\/section>\n\t\t\t\t\t<\/div>\n\t\t<\/div>\n\t\t\t\t\t<\/div>\n\t\t<\/section>\n\t\t\t\t<section class=\"elementor-section elementor-top-section elementor-element elementor-element-31a8c73 elementor-section-full_width elementor-section-stretched elementor-section-height-default elementor-section-height-default\" data-id=\"31a8c73\" data-element_type=\"section\" data-e-type=\"section\" data-settings=\"{&quot;stretch_section&quot;:&quot;section-stretched&quot;}\">\n\t\t\t\t\t\t<div class=\"elementor-container elementor-column-gap-no\">\n\t\t\t\t\t<div class=\"elementor-column elementor-col-100 elementor-top-column elementor-element elementor-element-bcc7175\" data-id=\"bcc7175\" data-element_type=\"column\" data-e-type=\"column\">\n\t\t\t<div class=\"elementor-widget-wrap\">\n\t\t\t\t\t\t\t<\/div>\n\t\t<\/div>\n\t\t\t\t\t<\/div>\n\t\t<\/section>\n\t\t\t\t<section class=\"elementor-section elementor-top-section elementor-element elementor-element-d3b2887 elementor-section-full_width elementor-section-stretched elementor-section-height-default elementor-section-height-default\" data-id=\"d3b2887\" data-element_type=\"section\" data-e-type=\"section\" data-settings=\"{&quot;stretch_section&quot;:&quot;section-stretched&quot;}\">\n\t\t\t\t\t\t<div class=\"elementor-container elementor-column-gap-no\">\n\t\t\t\t\t<div class=\"elementor-column elementor-col-100 elementor-top-column elementor-element elementor-element-e106cf8\" data-id=\"e106cf8\" data-element_type=\"column\" data-e-type=\"column\">\n\t\t\t<div class=\"elementor-widget-wrap elementor-element-populated\">\n\t\t\t\t\t\t<section class=\"elementor-section elementor-inner-section elementor-element elementor-element-84465ae elementor-section-boxed elementor-section-height-default elementor-section-height-default\" data-id=\"84465ae\" data-element_type=\"section\" data-e-type=\"section\">\n\t\t\t\t\t\t<div class=\"elementor-container elementor-column-gap-no\">\n\t\t\t\t\t<div class=\"elementor-column elementor-col-100 elementor-inner-column elementor-element elementor-element-752021e\" data-id=\"752021e\" data-element_type=\"column\" data-e-type=\"column\">\n\t\t\t<div class=\"elementor-widget-wrap\">\n\t\t\t\t\t\t\t<\/div>\n\t\t<\/div>\n\t\t\t\t\t<\/div>\n\t\t<\/section>\n\t\t\t\t<section class=\"elementor-section elementor-inner-section elementor-element elementor-element-4df706e elementor-section-boxed elementor-section-height-default elementor-section-height-default\" data-id=\"4df706e\" data-element_type=\"section\" data-e-type=\"section\">\n\t\t\t\t\t\t<div class=\"elementor-container elementor-column-gap-no\">\n\t\t\t\t\t<div class=\"elementor-column elementor-col-33 elementor-inner-column elementor-element elementor-element-0fcd382\" data-id=\"0fcd382\" data-element_type=\"column\" data-e-type=\"column\">\n\t\t\t<div class=\"elementor-widget-wrap\">\n\t\t\t\t\t\t\t<\/div>\n\t\t<\/div>\n\t\t\t\t<div class=\"elementor-column elementor-col-33 elementor-inner-column elementor-element elementor-element-7158db2\" data-id=\"7158db2\" data-element_type=\"column\" data-e-type=\"column\" data-settings=\"{&quot;background_background&quot;:&quot;classic&quot;}\">\n\t\t\t<div class=\"elementor-widget-wrap\">\n\t\t\t\t\t\t\t<\/div>\n\t\t<\/div>\n\t\t\t\t<div class=\"elementor-column elementor-col-33 elementor-inner-column elementor-element elementor-element-04ecab0\" data-id=\"04ecab0\" data-element_type=\"column\" data-e-type=\"column\">\n\t\t\t<div class=\"elementor-widget-wrap\">\n\t\t\t\t\t\t\t<\/div>\n\t\t<\/div>\n\t\t\t\t\t<\/div>\n\t\t<\/section>\n\t\t\t\t\t<\/div>\n\t\t<\/div>\n\t\t\t\t\t<\/div>\n\t\t<\/section>\n\t\t\t\t<section class=\"elementor-section elementor-top-section elementor-element elementor-element-338c276 elementor-section-full_width elementor-section-stretched elementor-section-height-default elementor-section-height-default\" data-id=\"338c276\" data-element_type=\"section\" data-e-type=\"section\" data-settings=\"{&quot;stretch_section&quot;:&quot;section-stretched&quot;,&quot;background_background&quot;:&quot;classic&quot;}\">\n\t\t\t\t\t\t<div class=\"elementor-container elementor-column-gap-no\">\n\t\t\t\t\t<div class=\"elementor-column elementor-col-100 elementor-top-column elementor-element elementor-element-e83c03d\" data-id=\"e83c03d\" data-element_type=\"column\" data-e-type=\"column\">\n\t\t\t<div class=\"elementor-widget-wrap\">\n\t\t\t\t\t\t\t<\/div>\n\t\t<\/div>\n\t\t\t\t\t<\/div>\n\t\t<\/section>\n\t\t\t\t<section class=\"elementor-section elementor-top-section elementor-element elementor-element-e68efeb elementor-section-full_width elementor-section-stretched elementor-section-height-default elementor-section-height-default\" data-id=\"e68efeb\" data-element_type=\"section\" data-e-type=\"section\" data-settings=\"{&quot;stretch_section&quot;:&quot;section-stretched&quot;}\">\n\t\t\t\t\t\t<div class=\"elementor-container elementor-column-gap-no\">\n\t\t\t\t\t<div class=\"elementor-column elementor-col-100 elementor-top-column elementor-element elementor-element-da7eb48\" data-id=\"da7eb48\" data-element_type=\"column\" data-e-type=\"column\">\n\t\t\t<div class=\"elementor-widget-wrap\">\n\t\t\t\t\t\t\t<\/div>\n\t\t<\/div>\n\t\t\t\t\t<\/div>\n\t\t<\/section>\n\t\t\t\t<section class=\"elementor-section elementor-top-section elementor-element elementor-element-f2e40dc elementor-section-full_width appoinment-area bg-theme elementor-section-stretched elementor-section-height-default elementor-section-height-default\" data-id=\"f2e40dc\" data-element_type=\"section\" data-e-type=\"section\" data-settings=\"{&quot;stretch_section&quot;:&quot;section-stretched&quot;,&quot;background_background&quot;:&quot;classic&quot;}\">\n\t\t\t\t\t\t<div class=\"elementor-container elementor-column-gap-no\">\n\t\t\t\t\t<div class=\"elementor-column elementor-col-100 elementor-top-column elementor-element elementor-element-71cf3d8\" data-id=\"71cf3d8\" data-element_type=\"column\" data-e-type=\"column\" data-settings=\"{&quot;background_background&quot;:&quot;classic&quot;}\">\n\t\t\t<div class=\"elementor-widget-wrap elementor-element-populated\">\n\t\t\t\t\t\t<section class=\"elementor-section elementor-inner-section elementor-element elementor-element-bc30bda elementor-section-content-middle elementor-section-boxed elementor-section-height-default elementor-section-height-default\" data-id=\"bc30bda\" data-element_type=\"section\" data-e-type=\"section\" data-settings=\"{&quot;background_background&quot;:&quot;classic&quot;}\">\n\t\t\t\t\t\t<div class=\"elementor-container elementor-column-gap-no\">\n\t\t\t\t\t<div class=\"elementor-column elementor-col-50 elementor-inner-column elementor-element elementor-element-800837a elementor-hidden-mobile\" data-id=\"800837a\" data-element_type=\"column\" data-e-type=\"column\" data-settings=\"{&quot;background_background&quot;:&quot;classic&quot;}\">\n\t\t\t<div class=\"elementor-widget-wrap\">\n\t\t\t\t\t\t\t<\/div>\n\t\t<\/div>\n\t\t\t\t<div class=\"elementor-column elementor-col-50 elementor-inner-column elementor-element elementor-element-4ee394e\" data-id=\"4ee394e\" data-element_type=\"column\" data-e-type=\"column\" data-settings=\"{&quot;background_background&quot;:&quot;classic&quot;}\">\n\t\t\t<div class=\"elementor-widget-wrap\">\n\t\t\t\t\t\t\t<\/div>\n\t\t<\/div>\n\t\t\t\t\t<\/div>\n\t\t<\/section>\n\t\t\t\t\t<\/div>\n\t\t<\/div>\n\t\t\t\t\t<\/div>\n\t\t<\/section>\n\t\t\t\t<section class=\"elementor-section elementor-top-section elementor-element elementor-element-c19b704 elementor-section-full_width elementor-section-stretched elementor-section-height-default elementor-section-height-default\" data-id=\"c19b704\" data-element_type=\"section\" data-e-type=\"section\" data-settings=\"{&quot;stretch_section&quot;:&quot;section-stretched&quot;}\">\n\t\t\t\t\t\t<div class=\"elementor-container elementor-column-gap-no\">\n\t\t\t\t\t<div class=\"elementor-column elementor-col-100 elementor-top-column elementor-element elementor-element-11e877b\" data-id=\"11e877b\" data-element_type=\"column\" data-e-type=\"column\">\n\t\t\t<div class=\"elementor-widget-wrap\">\n\t\t\t\t\t\t\t<\/div>\n\t\t<\/div>\n\t\t\t\t\t<\/div>\n\t\t<\/section>\n\t\t<div class=\"elementor-element elementor-element-8a446d8 e-flex e-con-boxed e-con e-parent\" data-id=\"8a446d8\" data-element_type=\"container\" data-e-type=\"container\">\n\t\t\t\t\t<div class=\"e-con-inner\">\n\t\t\t\t<div class=\"elementor-element elementor-element-ede1e28 elementor-widget elementor-widget-text-editor\" data-id=\"ede1e28\" data-element_type=\"widget\" data-e-type=\"widget\" data-widget_type=\"text-editor.default\">\n\t\t\t\t<div class=\"elementor-widget-container\">\n\t\t\t\t\t\t\t\t\t<h1>Bursa Temizlik \u015eirketi<\/h1><h2>Bursa Temizlik \u015eirketleri<\/h2><h3>Bursa Temizlik Firmas\u0131<\/h3><h4>Bursa Temizlik \u015eirketi<\/h4><p>Bursa Temizlik \u015eirketi, Bursa da faaliyet g\u00f6steren temizlik \u015firketleri, geni\u015f bir hizmet yelpazesi sunarak hem bireysel hem de kurumsal m\u00fc\u015fterilere hitap ediyor. Ba\u015fl\u0131ca hizmetler \u015funlard\u0131r:<\/p><p><strong>Ev Temizli\u011fi<\/strong>: G\u00fcnl\u00fck ya\u015fam\u0131n ko\u015fu\u015fturmas\u0131 i\u00e7erisinde ev temizli\u011fine vakit ay\u0131ramayanlar i\u00e7in Bursa &#8216;daki temizlik \u015firketleri profesyonel \u00e7\u00f6z\u00fcmler sunuyor. Zemin temizli\u011fi, cam silme, toz alma, banyo ve mutfak temizli\u011fi gibi detayl\u0131 hizmetlerle evlerinizi hijyenik ve ferah bir hale getiriyorlar.<\/p><p><strong>Ofis Temizli\u011fi<\/strong>: \u0130\u015f yerlerinin temizli\u011fi, \u00e7al\u0131\u015fanlar\u0131n verimlili\u011fini ve m\u00fc\u015fteri memnuniyetini do\u011frudan etkiler. Bursa temizlik \u015firketleri, ofislerin d\u00fczenli ve titiz bir \u015fekilde temizlenmesini sa\u011flayarak daha sa\u011fl\u0131kl\u0131 ve \u00fcretken \u00e7al\u0131\u015fma ortamlar\u0131 yarat\u0131yor.<\/p><p><strong>\u0130n\u015faat Sonras\u0131 Temizlik<\/strong>: \u0130n\u015faat projelerinin tamamlanmas\u0131n\u0131n ard\u0131ndan ortaya \u00e7\u0131kan moloz ve in\u015faat at\u0131klar\u0131n\u0131n temizlenmesi b\u00fcy\u00fck bir zorluktur. Profesyonel temizlik ekipleri, in\u015faat sonras\u0131 temizlik hizmeti ile bu zorlu\u011fu ortadan kald\u0131r\u0131yor.<\/p><p><strong>D\u0131\u015f Cephe ve Cam Temizli\u011fi<\/strong>: Y\u00fcksek binalar\u0131n d\u0131\u015f cepheleri ve camlar\u0131, profesyonel ekipman ve uzmanl\u0131k gerektiren temizlik hizmetlerine ihtiya\u00e7 duyar. Bursa temizlik \u015firketleri, bu alanda da en son teknolojileri kullanarak etkili \u00e7\u00f6z\u00fcmler sunar.<\/p><p>Bursa, T\u00fcrkiye&#8217;nin bat\u0131s\u0131nda yer alan ve Ege B\u00f6lgesi&#8217;nin incisi olarak bilinen bir \u015fehir. Bu g\u00fczel \u015fehirde ya\u015fam, her zaman hareketli ve dinamik. Bu dinamizm i\u00e7erisinde evlerin, ofislerin ve di\u011fer ya\u015fam alanlar\u0131n\u0131n temizli\u011fi de b\u00fcy\u00fck bir \u00f6nem ta\u015f\u0131yor. \u0130\u015fte tam da bu noktada Bursa temizlik \u015firketleri devreye giriyor.<\/p><h4>Neden Profesyonel Temizlik \u015eirketleri Tercih Edilmeli?<\/h4><p>Profesyonel temizlik \u015firketlerini tercih etmenin bir\u00e7ok avantaj\u0131 vard\u0131r:<\/p><ul><li><strong>Uzmanl\u0131k ve Tecr\u00fcbe<\/strong>: Temizlik \u015firketleri, i\u015flerini profesyonelce yapma konusunda e\u011fitimli ve deneyimli personellere sahiptir. Bu sayede, temizlik i\u015flemleri daha h\u0131zl\u0131 ve etkili bir \u015fekilde tamamlan\u0131r.<\/li><li><strong>Kaliteli Malzeme ve Ekipman<\/strong>: Profesyonel temizlik \u015firketleri, temizlik i\u015flemlerinde en kaliteli malzemeleri ve en son teknolojiye sahip ekipmanlar\u0131 kullan\u0131r. Bu, temizlik kalitesini art\u0131r\u0131r ve y\u00fczeylerin zarar g\u00f6rmesini \u00f6nler.<\/li><li><strong>Zaman Tasarrufu<\/strong>: Temizlik i\u015flemlerini profesyonellere b\u0131rakmak, bireyler ve i\u015fletmeler i\u00e7in b\u00fcy\u00fck bir zaman tasarrufu sa\u011flar. Bu sayede, insanlar ve i\u015f yerleri kendi i\u015flerine daha fazla odaklanabilirler.<\/li><li><strong>D\u00fczenli Hizmet<\/strong>: D\u00fczenli temizlik hizmeti, ya\u015fam alanlar\u0131n\u0131n s\u00fcrekli temiz ve d\u00fczenli kalmas\u0131n\u0131 sa\u011flar. \u00d6zellikle ofisler i\u00e7in bu, hem \u00e7al\u0131\u015fanlar\u0131n motivasyonunu art\u0131r\u0131r hem de m\u00fc\u015fteri memnuniyetini y\u00fckseltir.<\/li><\/ul><figure id=\"attachment_2638\" aria-describedby=\"caption-attachment-2638\" style=\"width: 300px\" class=\"wp-caption aligncenter\"><img fetchpriority=\"high\" decoding=\"async\" class=\"wp-image-2638 size-medium\" src=\"https:\/\/bursamiractemizlik.com.tr\/wp-content\/uploads\/2022\/05\/11-300x300.jpg\" alt=\"Bursa Temizlik \u015eirketi\" width=\"300\" height=\"300\" srcset=\"https:\/\/bursamiractemizlik.com.tr\/wp-content\/uploads\/2022\/05\/11-300x300.jpg 300w, https:\/\/bursamiractemizlik.com.tr\/wp-content\/uploads\/2022\/05\/11-150x150.jpg 150w, https:\/\/bursamiractemizlik.com.tr\/wp-content\/uploads\/2022\/05\/11.jpg 667w\" sizes=\"(max-width: 300px) 100vw, 300px\" \/><figcaption id=\"caption-attachment-2638\" class=\"wp-caption-text\">Bursa Temizlik \u015eirketi<\/figcaption><\/figure><h4>Bursa Temizlik \u015eirketi Se\u00e7erken Nelere Dikkat Edilmeli?<\/h4><p><a href=\"https:\/\/bursamiractemizlik.com.tr\/\">Bursa temizlik \u015firketi<\/a> se\u00e7erken dikkat edilmesi gereken baz\u0131 \u00f6nemli noktalar vard\u0131r:<\/p><ul><li><strong>Referans ve \u0130ncelemeler<\/strong>: \u015eirketin daha \u00f6nceki m\u00fc\u015fterilerinden ald\u0131\u011f\u0131 referanslar ve internet \u00fczerindeki incelemeler, \u015firketin hizmet kalitesi hakk\u0131nda fikir verir.<\/li><li><strong>Fiyatland\u0131rma<\/strong>: Fiyatland\u0131rma politikas\u0131, hizmetin kalitesine g\u00f6re de\u011ferlendirilmelidir. Ucuz hizmetler, her zaman kaliteli sonu\u00e7lar do\u011furmaz.<\/li><li><strong>Hizmet \u00c7e\u015fitlili\u011fi<\/strong>: \u0130htiya\u00e7lar\u0131n\u0131za uygun hizmetler sunan bir \u015firket se\u00e7mek, memnuniyetinizi art\u0131racakt\u0131r.<\/li><li><strong>Sigorta ve Garanti<\/strong>: Temizlik s\u0131ras\u0131nda olu\u015fabilecek olumsuz durumlar i\u00e7in sigorta ve hizmet garantisi sunan \u015firketler, daha g\u00fcvenilir bir tercih olacakt\u0131r.<\/li><\/ul><p><a href=\"https:\/\/hemenarageliriz.com\">Bursa temizlik \u015firketi<\/a>, profesyonel hizmetleriyle ya\u015fam alanlar\u0131n\u0131 daha sa\u011fl\u0131kl\u0131 ve ya\u015fanabilir hale getirmektedir. Temizlik \u015firketleri, kaliteli hizmet anlay\u0131\u015f\u0131 ve m\u00fc\u015fteri memnuniyetini \u00f6n planda tutarak, Bursa halk\u0131n\u0131n temizlik ihtiya\u00e7lar\u0131na etkili \u00e7\u00f6z\u00fcmler sunmaktad\u0131r.<\/p>\t\t\t\t\t\t\t\t<\/div>\n\t\t\t\t<\/div>\n\t\t\t\t\t<\/div>\n\t\t\t\t<\/div>\n\t\t<div class=\"elementor-element elementor-element-3e7ebca e-flex e-con-boxed e-con e-parent\" data-id=\"3e7ebca\" data-element_type=\"container\" data-e-type=\"container\">\n\t\t\t\t\t<div class=\"e-con-inner\">\n\t\t\t\t<div class=\"elementor-element elementor-element-3bdefbc elementor-widget elementor-widget-html\" data-id=\"3bdefbc\" data-element_type=\"widget\" data-e-type=\"widget\" data-widget_type=\"html.default\">\n\t\t\t\t<div class=\"elementor-widget-container\">\n\t\t\t\t\t<!-- Google tag (gtag.js) -->\r\n<script async src=\"https:\/\/www.googletagmanager.com\/gtag\/js?id=AW-18019896557\">\r\n<\/script>\r\n<script>\r\n  window.dataLayer = window.dataLayer || [];\r\n  function gtag(){dataLayer.push(arguments);}\r\n  gtag('js', new Date());\r\n\r\n  gtag('config', 'AW-18019896557');\r\n<\/script>\t\t\t\t<\/div>\n\t\t\t\t<\/div>\n\t\t\t\t\t<\/div>\n\t\t\t\t<\/div>\n\t\t\t\t<\/div>\n\t\t","protected":false},"excerpt":{"rendered":"<p>Bursa Temizlik \u015eirketi Bursa Temizlik \u015eirketleri Bursa Temizlik Firmas\u0131 Bursa Temizlik \u015eirketi Bursa Temizlik \u015eirketi, Bursa da faaliyet g\u00f6steren temizlik \u015firketleri, geni\u015f bir hizmet yelpazesi sunarak hem bireysel hem de kurumsal m\u00fc\u015fterilere hitap ediyor. Ba\u015fl\u0131ca hizmetler \u015funlard\u0131r: Ev Temizli\u011fi: G\u00fcnl\u00fck ya\u015fam\u0131n ko\u015fu\u015fturmas\u0131 i\u00e7erisinde ev temizli\u011fine vakit ay\u0131ramayanlar i\u00e7in Bursa &#8216;daki temizlik \u015firketleri profesyonel \u00e7\u00f6z\u00fcmler sunuyor. [&hellip;]<\/p>\n","protected":false},"author":1,"featured_media":0,"parent":0,"menu_order":0,"comment_status":"closed","ping_status":"closed","template":"elementor_header_footer","meta":{"_monsterinsights_skip_tracking":false,"_monsterinsights_sitenote_active":false,"_monsterinsights_sitenote_note":"","_monsterinsights_sitenote_category":0,"footnotes":""},"class_list":["post-3325","page","type-page","status-publish","hentry"],"aioseo_notices":[],"_links":{"self":[{"href":"https:\/\/bursamiractemizlik.com.tr\/index.php\/wp-json\/wp\/v2\/pages\/3325","targetHints":{"allow":["GET"]}}],"collection":[{"href":"https:\/\/bursamiractemizlik.com.tr\/index.php\/wp-json\/wp\/v2\/pages"}],"about":[{"href":"https:\/\/bursamiractemizlik.com.tr\/index.php\/wp-json\/wp\/v2\/types\/page"}],"author":[{"embeddable":true,"href":"https:\/\/bursamiractemizlik.com.tr\/index.php\/wp-json\/wp\/v2\/users\/1"}],"replies":[{"embeddable":true,"href":"https:\/\/bursamiractemizlik.com.tr\/index.php\/wp-json\/wp\/v2\/comments?post=3325"}],"version-history":[{"count":79,"href":"https:\/\/bursamiractemizlik.com.tr\/index.php\/wp-json\/wp\/v2\/pages\/3325\/revisions"}],"predecessor-version":[{"id":3534,"href":"https:\/\/bursamiractemizlik.com.tr\/index.php\/wp-json\/wp\/v2\/pages\/3325\/revisions\/3534"}],"wp:attachment":[{"href":"https:\/\/bursamiractemizlik.com.tr\/index.php\/wp-json\/wp\/v2\/media?parent=3325"}],"curies":[{"name":"wp","href":"https:\/\/api.w.org\/{rel}","templated":true}]}}